{"id":148,"date":"2019-05-13T18:45:27","date_gmt":"2019-05-13T18:45:27","guid":{"rendered":"http:\/\/www.vincentlylaw.com\/?page_id=148"},"modified":"2024-04-17T18:15:01","modified_gmt":"2024-04-17T18:15:01","slug":"disclaimer","status":"publish","type":"page","link":"https:\/\/www.vincentlylaw.com\/vi\/disclaimer\/","title":{"rendered":"Tr\u00e1ch Nhi\u1ec7m"},"content":{"rendered":"<div data-elementor-type=\"wp-post\" data-elementor-id=\"148\" class=\"elementor elementor-148\" data-elementor-post-type=\"page\">\n\t\t\t\t\t\t<section class=\"has_eae_slider elementor-section elementor-top-section elementor-element elementor-element-826d2c8 elementor-section-full_width elementor-section-height-default elementor-section-height-default\" data-eae-slider=\"23245\" data-id=\"826d2c8\" data-element_type=\"section\" data-e-type=\"section\" data-settings=\"{&quot;background_background&quot;:&quot;classic&quot;}\">\n\t\t\t\t\t\t<div class=\"elementor-container elementor-column-gap-default\">\n\t\t\t\t\t<div class=\"has_eae_slider elementor-column elementor-col-100 elementor-top-column elementor-element elementor-element-6515e32\" data-eae-slider=\"20482\" data-id=\"6515e32\" data-element_type=\"column\" data-e-type=\"column\">\n\t\t\t<div class=\"elementor-widget-wrap elementor-element-populated\">\n\t\t\t\t\t\t<div class=\"elementor-element elementor-element-6929e91 elementor-widget elementor-widget-spacer\" data-id=\"6929e91\" data-element_type=\"widget\" data-e-type=\"widget\" data-widget_type=\"spacer.default\">\n\t\t\t\t<div class=\"elementor-widget-container\">\n\t\t\t\t\t\t\t<div class=\"elementor-spacer\">\n\t\t\t<div class=\"elementor-spacer-inner\"><\/div>\n\t\t<\/div>\n\t\t\t\t\t\t<\/div>\n\t\t\t\t<\/div>\n\t\t\t\t<div class=\"elementor-element elementor-element-a6996a6 animated-slow elementor-widget elementor-widget-heading\" data-id=\"a6996a6\" data-element_type=\"widget\" data-e-type=\"widget\" data-settings=\"{&quot;_animation&quot;:&quot;none&quot;,&quot;_animation_delay&quot;:500}\" data-widget_type=\"heading.default\">\n\t\t\t\t<div class=\"elementor-widget-container\">\n\t\t\t\t\t<h2 class=\"elementor-heading-title elementor-size-default\">\u0110i\u1ec1u kho\u1ea3n s\u1eed d\u1ee5ng<\/h2>\t\t\t\t<\/div>\n\t\t\t\t<\/div>\n\t\t\t\t<div class=\"elementor-element elementor-element-de59cf4 elementor-widget elementor-widget-spacer\" data-id=\"de59cf4\" data-element_type=\"widget\" data-e-type=\"widget\" data-widget_type=\"spacer.default\">\n\t\t\t\t<div class=\"elementor-widget-container\">\n\t\t\t\t\t\t\t<div class=\"elementor-spacer\">\n\t\t\t<div class=\"elementor-spacer-inner\"><\/div>\n\t\t<\/div>\n\t\t\t\t\t\t<\/div>\n\t\t\t\t<\/div>\n\t\t\t\t\t<\/div>\n\t\t<\/div>\n\t\t\t\t\t<\/div>\n\t\t<\/section>\n\t\t\t\t<section class=\"has_eae_slider elementor-section elementor-top-section elementor-element elementor-element-fd2add0 elementor-section-full_width elementor-section-height-default elementor-section-height-default\" data-eae-slider=\"6471\" data-id=\"fd2add0\" data-element_type=\"section\" data-e-type=\"section\" data-settings=\"{&quot;background_background&quot;:&quot;classic&quot;}\">\n\t\t\t\t\t\t\t<div class=\"elementor-background-overlay\"><\/div>\n\t\t\t\t\t\t\t<div class=\"elementor-container elementor-column-gap-default\">\n\t\t\t\t\t<div class=\"has_eae_slider elementor-column elementor-col-33 elementor-top-column elementor-element elementor-element-986ad33\" data-eae-slider=\"92763\" data-id=\"986ad33\" data-element_type=\"column\" data-e-type=\"column\" data-settings=\"{&quot;background_background&quot;:&quot;classic&quot;}\">\n\t\t\t<div class=\"elementor-widget-wrap\">\n\t\t\t\t\t\t\t<\/div>\n\t\t<\/div>\n\t\t\t\t<div class=\"has_eae_slider elementor-column elementor-col-33 elementor-top-column elementor-element elementor-element-8c0e495\" data-eae-slider=\"52063\" data-id=\"8c0e495\" data-element_type=\"column\" data-e-type=\"column\" data-settings=\"{&quot;background_background&quot;:&quot;classic&quot;}\">\n\t\t\t<div class=\"elementor-widget-wrap elementor-element-populated\">\n\t\t\t\t\t<div class=\"elementor-background-overlay\"><\/div>\n\t\t\t\t\t\t<div class=\"elementor-element elementor-element-4bcdc6f elementor-widget elementor-widget-spacer\" data-id=\"4bcdc6f\" data-element_type=\"widget\" data-e-type=\"widget\" data-widget_type=\"spacer.default\">\n\t\t\t\t<div class=\"elementor-widget-container\">\n\t\t\t\t\t\t\t<div class=\"elementor-spacer\">\n\t\t\t<div class=\"elementor-spacer-inner\"><\/div>\n\t\t<\/div>\n\t\t\t\t\t\t<\/div>\n\t\t\t\t<\/div>\n\t\t\t\t<div class=\"elementor-element elementor-element-58d23e2 animated-slow elementor-widget elementor-widget-text-editor\" data-id=\"58d23e2\" data-element_type=\"widget\" data-e-type=\"widget\" data-settings=\"{&quot;_animation&quot;:&quot;none&quot;,&quot;_animation_delay&quot;:1000}\" data-widget_type=\"text-editor.default\">\n\t\t\t\t<div class=\"elementor-widget-container\">\n\t\t\t\t\t\t\t\t\t<p><span style=\"color: #000000;\"><strong>Kh\u00f4ng c\u00f3 m\u1ed1i quan h\u1ec7 lu\u1eadt s\u01b0-kh\u00e1ch h\u00e0ng \u0111\u01b0\u1ee3c t\u1ea1o b\u1eb1ng c\u00e1ch s\u1eed d\u1ee5ng trang web n\u00e0y.<\/strong> Vi\u1ec7c b\u1ea1n nh\u1eadn \u0111\u01b0\u1ee3c th\u00f4ng tin t\u1eeb trang web n\u00e0y c\u0169ng nh\u01b0 vi\u1ec7c b\u1ea1n s\u1eed d\u1ee5ng trang web n\u00e0y \u0111\u1ec3 li\u00ean h\u1ec7 v\u1edbi Vincent Ly, PLLC (C\u00f4ng ty) ho\u1eb7c m\u1ed9t trong c\u00e1c lu\u1eadt s\u01b0 c\u1ee7a c\u00f4ng ty t\u1ea1o ra m\u1ed1i quan h\u1ec7 gi\u1eefa lu\u1eadt s\u01b0 v\u00e0 kh\u00e1ch h\u00e0ng gi\u1eefa b\u1ea1n v\u00e0 C\u00f4ng ty. B\u1ea1n s\u1ebd tr\u1edf th\u00e0nh kh\u00e1ch h\u00e0ng c\u1ee7a C\u00f4ng ty ch\u1ec9 khi v\u00e0 khi b\u1ea1n k\u00fd v\u00e0 th\u1ecfa thu\u1eadn cam k\u1ebft theo quy \u0111\u1ecbnh c\u1ee7a C\u00f4ng ty, vi\u1ec7c thu ph\u00ed v\u00e0 c\u00e1c v\u1ea5n \u0111\u1ec1 li\u00ean quan kh\u00e1c. L\u00e0 m\u1ed9t v\u1ea5n \u0111\u1ec1 c\u1ee7a ch\u00ednh s\u00e1ch, C\u00f4ng ty kh\u00f4ng ch\u1ea5p nh\u1eadn m\u1ed9t kh\u00e1ch h\u00e0ng m\u1edbi m\u00e0 kh\u00f4ng \u0111i\u1ec1u tra tr\u01b0\u1edbc v\u1ec1 nh\u1eefng xung \u0111\u1ed9t l\u1ee3i \u00edch c\u00f3 th\u1ec3 c\u00f3 v\u00e0 c\u00f3 \u0111\u01b0\u1ee3c l\u00e1 th\u01b0 \u0111\u1ea1i di\u1ec7n \u0111\u00e3 k\u00fd. (V\u00ed d\u1ee5, C\u00f4ng ty c\u00f3 th\u1ec3 \u0111\u00e3 \u0111\u1ea1i di\u1ec7n cho m\u1ed9t b\u00ean kh\u00e1c li\u00ean quan \u0111\u1ebfn v\u1ea5n \u0111\u1ec1 c\u1ee7a b\u1ea1n.)<\/span><br \/><span style=\"color: #000000;\"><strong>Kh\u00f4ng b\u1ea3o m\u1eadt.<\/strong> B\u1ea1n kh\u00f4ng \u0111\u01b0\u1ee3c s\u1eed d\u1ee5ng trang web n\u00e0y \u0111\u1ec3 cung c\u1ea5p th\u00f4ng tin b\u00ed m\u1eadt v\u1ec1 v\u1ea5n \u0111\u1ec1 ph\u00e1p l\u00fd c\u1ee7a b\u1ea1n cho C\u00f4ng ty. Vi\u1ec7c b\u1ea1n s\u1eed d\u1ee5ng trang web n\u00e0y kh\u00f4ng gi\u00fap b\u1ea1n tr\u1edf th\u00e0nh kh\u00e1ch h\u00e0ng c\u1ee7a C\u00f4ng ty ho\u1eb7c th\u1eadm ch\u00ed l\u00e0 kh\u00e1ch h\u00e0ng ti\u1ec1m n\u0103ng c\u1ee7a C\u00f4ng ty. N\u1ebfu b\u1ea1n c\u00f3 th\u00f4ng tin b\u00ed m\u1eadt m\u00e0 b\u1ea1n mu\u1ed1n cung c\u1ea5p cho b\u1ea5t k\u1ef3 lu\u1eadt s\u01b0 n\u00e0o t\u1ea1i C\u00f4ng ty, vui l\u00f2ng li\u00ean h\u1ec7 v\u1edbi m\u1ed9t ng\u01b0\u1eddi n\u1ebfu lu\u1eadt s\u01b0 c\u1ee7a C\u00f4ng ty tr\u1ef1c ti\u1ebfp ho\u1eb7c qua \u0111i\u1ec7n tho\u1ea1i kh\u00f4ng b\u1eb1ng c\u00e1ch \u0111i\u1ec1n v\u00e0o b\u1ea5t k\u1ef3 bi\u1ec3u m\u1eabu n\u00e0o tr\u00ean trang web n\u00e0y ho\u1eb7c b\u1eb1ng c\u00e1ch g\u1eedi email kh\u00f4ng mong mu\u1ed1n t\u1edbi C\u00f4ng ty ho\u1eb7c b\u1ea5t k\u1ef3 lu\u1eadt s\u01b0 c\u1ee7a n\u00f3.<\/span><br \/><span style=\"color: #000000;\"><strong>Kh\u00f4ng c\u00f3 t\u01b0 v\u1ea5n ph\u00e1p l\u00fd d\u1ef1 \u0111\u1ecbnh.<\/strong> Trang web n\u00e0y c\u00f3 th\u1ec3 bao g\u1ed3m th\u00f4ng tin chung v\u1ec1 c\u00e1c v\u1ea5n \u0111\u1ec1 ph\u00e1p l\u00fd v\u00e0 ph\u00e1t tri\u1ec3n trong lu\u1eadt. C\u00e1c t\u00e0i li\u1ec7u n\u00e0y ch\u1ec9 d\u00e0nh cho m\u1ee5c \u0111\u00edch th\u00f4ng tin v\u00e0 c\u00f3 th\u1ec3 kh\u00f4ng ph\u1ea3n \u00e1nh nh\u1eefng ph\u00e1t tri\u1ec3n ph\u00e1p l\u00fd hi\u1ec7n t\u1ea1i. Nh\u1eefng t\u00e0i li\u1ec7u th\u00f4ng tin n\u00e0y kh\u00f4ng c\u00f3 \u00fd \u0111\u1ecbnh, v\u00e0 kh\u00f4ng \u0111\u01b0\u1ee3c th\u1ef1c hi\u1ec7n, nh\u01b0 l\u00e0 t\u01b0 v\u1ea5n ph\u00e1p l\u00fd v\u1ec1 b\u1ea5t k\u1ef3 s\u1ef1 ki\u1ec7n ho\u1eb7c ho\u00e0n c\u1ea3nh c\u1ee5 th\u1ec3 n\u00e0o. B\u1ea1n c\u1ea7n li\u00ean h\u1ec7 v\u1edbi m\u1ed9t lu\u1eadt s\u01b0 \u0111\u01b0\u1ee3c c\u1ea5p ph\u00e9p trong ph\u1ea1m vi quy\u1ec1n h\u1ea1n c\u1ee7a b\u1ea1n \u0111\u1ec3 \u0111\u01b0\u1ee3c t\u01b0 v\u1ea5n v\u1ec1 c\u00e1c v\u1ea5n \u0111\u1ec1 ph\u00e1p l\u00fd c\u1ee5 th\u1ec3.<\/span><br \/><span style=\"color: #000000;\"><strong>Kh\u00f4ng c\u00f3 \u00fd \u0111\u1ecbnh gi\u1edbi thi\u1ec7u v\u1ea5n \u0111\u1ec1 cho c\u00e1c c\u00f4ng ty kh\u00e1c.<\/strong> Tr\u1eeb khi c\u00f3 quy \u0111\u1ecbnh r\u00f5 r\u00e0ng kh\u00e1c tr\u00ean trang web c\u1ee7a C\u00f4ng ty, C\u00f4ng ty ch\u1ec9 \u0111\u1ea1i di\u1ec7n cho kh\u00e1ch h\u00e0ng \u0111\u00e3 k\u00fd k\u1ebft v\u1edbi ch\u00fang t\u00f4i.<\/span><br \/><span style=\"color: #000000;\"><strong>Kh\u00f4ng \u0111\u1ea3m b\u1ea3o k\u1ebft qu\u1ea3.<\/strong> M\u1ed9t s\u1ed1 t\u00f3m t\u1eaft v\u1ee5 \u00e1n, b\u00e1o c\u00e1o v\u1ec1 k\u1ebft qu\u1ea3 trong qu\u00e1 kh\u1ee9 v\u00e0 ti\u1ec3u s\u1eed lu\u1eadt s\u01b0 c\u00e1 nh\u00e2n tr\u00ean trang web n\u00e0y m\u00f4 t\u1ea3 c\u00e1c v\u1ea5n \u0111\u1ec1 trong qu\u00e1 kh\u1ee9 \u0111\u01b0\u1ee3c x\u1eed l\u00fd cho kh\u00e1ch h\u00e0ng c\u1ee7a C\u00f4ng ty v\u00e0 c\u00e1c lu\u1eadt s\u01b0 c\u1ee7a C\u00f4ng ty. Nh\u1eefng m\u00f4 t\u1ea3 n\u00e0y ch\u1ec9 nh\u1eb1m m\u1ee5c \u0111\u00edch cung c\u1ea5p th\u00f4ng tin cho c\u00f4ng ch\u00fang v\u1ec1 c\u00e1c ho\u1ea1t \u0111\u1ed9ng v\u00e0 kinh nghi\u1ec7m c\u1ee7a c\u00e1c lu\u1eadt s\u01b0 c\u1ee7a ch\u00fang t\u00f4i. Ch\u00fang kh\u00f4ng nh\u1eb1m \u0111\u1ea3m b\u1ea3o r\u1eb1ng c\u00e1c k\u1ebft qu\u1ea3 t\u01b0\u01a1ng t\u1ef1 ho\u1eb7c t\u01b0\u01a1ng t\u1ef1 c\u00f3 th\u1ec3 \u0111\u1ea1t \u0111\u01b0\u1ee3c trong m\u1ecdi v\u1ea5n \u0111\u1ec1 \u0111\u01b0\u1ee3c th\u1ef1c hi\u1ec7n b\u1edfi c\u00e1c lu\u1eadt s\u01b0 c\u1ee7a ch\u00fang t\u00f4i. B\u1ea1n kh\u00f4ng \u0111\u01b0\u1ee3c cho r\u1eb1ng m\u1ed9t k\u1ebft qu\u1ea3 t\u01b0\u01a1ng t\u1ef1 c\u00f3 th\u1ec3 \u0111\u1ea1t \u0111\u01b0\u1ee3c trong m\u1ed9t v\u1ea5n \u0111\u1ec1 ph\u00e1p l\u00fd m\u00e0 b\u1ea1n quan t\u00e2m. K\u1ebft qu\u1ea3 c\u1ee7a m\u1ed9t v\u1ea5n \u0111\u1ec1 c\u1ee5 th\u1ec3 c\u00f3 th\u1ec3 ph\u1ee5 thu\u1ed9c v\u00e0o nhi\u1ec1u y\u1ebfu t\u1ed1 kh\u00e1c nhau bao g\u1ed3m c\u00e1c t\u00ecnh hu\u1ed1ng th\u1ef1c t\u1ebf v\u00e0 ph\u00e1p l\u00fd c\u1ee5 th\u1ec3, kh\u1ea3 n\u0103ng t\u01b0 v\u1ea5n \u0111\u1ed1i l\u1eadp v\u00e0 th\u01b0\u1eddng l\u00e0 nh\u1eefng di\u1ec5n bi\u1ebfn b\u1ea5t ng\u1edd ngo\u00e0i t\u1ea7m ki\u1ec3m so\u00e1t c\u1ee7a b\u1ea5t k\u1ef3 kh\u00e1ch h\u00e0ng ho\u1eb7c lu\u1eadt s\u01b0 n\u00e0o.<\/span><br \/><span style=\"color: #000000;\"><strong>Th\u00f4ng t\u01b0 IRS Th\u00f4ng b\u00e1o 230.<\/strong> \u0111i\u1ec1u n\u00e0y l\u00e0 \u0111\u1ec3 th\u00f4ng b\u00e1o cho b\u1ea1n r\u1eb1ng b\u1ea5t k\u1ef3 th\u00f4ng tin n\u00e0o tr\u00ean trang web n\u00e0y c\u00f3 th\u1ec3 \u0111\u01b0\u1ee3c hi\u1ec3u l\u00e0 l\u1eddi khuy\u00ean v\u1ec1 thu\u1ebf c\u1ee7a Hoa K\u1ef3 kh\u00f4ng \u0111\u01b0\u1ee3c vi\u1ebft ho\u1eb7c d\u1ef1 \u0111\u1ecbnh s\u1eed d\u1ee5ng v\u00e0 kh\u00f4ng th\u1ec3 \u0111\u01b0\u1ee3c s\u1eed d\u1ee5ng cho m\u1ee5c \u0111\u00edch (i) tr\u00e1nh b\u1ecb ph\u1ea1t theo Lu\u1eadt Doanh thu n\u1ed9i b\u1ed9 ho\u1eb7c (ii) qu\u1ea3ng c\u00e1o, ti\u1ebfp th\u1ecb ho\u1eb7c \u0111\u1ec1 xu\u1ea5t cho b\u00ean kh\u00e1c b\u1ea5t k\u1ef3 giao d\u1ecbch ho\u1eb7c v\u1ea5n \u0111\u1ec1 n\u00e0o \u0111\u01b0\u1ee3c gi\u1ea3i quy\u1ebft tr\u00ean trang web n\u00e0y. Xem Th\u00f4ng t\u01b0 IRS 230.<\/span><br \/><span style=\"color: #000000;\"><strong>Li\u00ean k\u1ebft \u0111\u1ebfn trang web c\u1ee7a b\u00ean th\u1ee9 ba.<\/strong> \u0110\u1ec3 thu\u1eadn ti\u1ec7n, trang web n\u00e0y c\u00f3 th\u1ec3 cung c\u1ea5p li\u00ean k\u1ebft \u0111\u1ebfn c\u00e1c trang web b\u00ean th\u1ee9 ba kh\u00e1c nhau. C\u00e1c trang web \u0111\u01b0\u1ee3c li\u00ean k\u1ebft nh\u01b0 v\u1eady kh\u00f4ng thu\u1ed9c quy\u1ec1n ki\u1ec3m so\u00e1t c\u1ee7a C\u00f4ng ty v\u00e0 C\u00f4ng ty kh\u00f4ng ch\u1ecbu tr\u00e1ch nhi\u1ec7m v\u1ec1 t\u00ednh ch\u00ednh x\u00e1c c\u1ee7a n\u1ed9i dung c\u1ee7a c\u00e1c trang web \u0111\u00f3.<\/span><br \/><span style=\"color: #000000;\"><strong>Th\u1ef1c h\u00e0nh \u1ee7y quy\u1ec1n c\u1ee7a ph\u00e1p lu\u1eadt.<\/strong> C\u00e1c khu v\u1ef1c ph\u00e1p l\u00fd trong \u0111\u00f3 m\u1ed7i lu\u1eadt s\u01b0 c\u1ee7a C\u00f4ng ty \u0111\u01b0\u1ee3c c\u1ea5p ph\u00e9p h\u00e0nh ngh\u1ec1 \u0111\u01b0\u1ee3c ghi ch\u00fa tr\u00ean m\u1ed7i ti\u1ec3u s\u1eed c\u1ee7a lu\u1eadt s\u01b0 tr\u00ean trang web n\u00e0y. Kh\u1ea3 n\u0103ng c\u1ee7a b\u1ea5t k\u1ef3 lu\u1eadt s\u01b0 C\u00f4ng ty n\u00e0o tham gia v\u00e0o b\u1ea5t k\u1ef3 ho\u1ea1t \u0111\u1ed9ng n\u00e0o cho kh\u00e1ch h\u00e0ng b\u00ean ngo\u00e0i lu\u1eadt s\u01b0 c\u1ea5p ph\u00e9p c\u1ee7a ti\u1ec3u bang \u0111\u00f3 l\u00e0 ph\u1ea3i tu\u00e2n theo c\u00e1c \u0111\u1ea1o lu\u1eadt, ti\u00eau chu\u1ea9n chuy\u00ean m\u00f4n v\u00e0 quy t\u1eafc c\u1ee7a t\u00f2a \u00e1n. C\u00f4ng ty kh\u00f4ng t\u00ecm ki\u1ebfm v\u00e0 trang web n\u00e0y kh\u00f4ng c\u00f3 \u00fd \u0111\u1ecbnh thu h\u00fat kh\u00e1ch h\u00e0ng b\u00ean ngo\u00e0i tr\u1ea1ng th\u00e1i gi\u1ea5y ph\u00e9p c\u1ee7a lu\u1eadt s\u01b0.<\/span><br \/><span style=\"color: #000000;\"><strong>B\u1ea3n quy\u1ec1n.<\/strong> \u00a9 2024 c\u1ee7a Vincent Ly, PLLC. \u0110\u00e3 \u0111\u0103ng k\u00fd B\u1ea3n quy\u1ec1n. B\u1ea1n c\u00f3 th\u1ec3 t\u1ea3i xu\u1ed1ng v\u00e0 in ra b\u1ea5t k\u1ef3 ph\u1ea7n n\u00e0o c\u1ee7a trang web n\u00e0y \u0111\u1ec3 s\u1eed d\u1ee5ng cho m\u1ee5c \u0111\u00edch c\u00e1 nh\u00e2n, phi th\u01b0\u01a1ng m\u1ea1i c\u1ee7a ri\u00eang b\u1ea1n. Nghi\u00eam c\u1ea5m m\u1ecdi h\u00e0nh vi sao ch\u00e9p ho\u1eb7c truy\u1ec1n l\u1ea1i n\u1ed9i dung c\u1ee7a trang web n\u00e0y m\u00e0 kh\u00f4ng c\u00f3 s\u1ef1 \u0111\u1ed3ng \u00fd tr\u01b0\u1edbc b\u1eb1ng v\u0103n b\u1ea3n c\u1ee7a c\u00f4ng ty.<\/span><\/p>\t\t\t\t\t\t\t\t<\/div>\n\t\t\t\t<\/div>\n\t\t\t\t\t<\/div>\n\t\t<\/div>\n\t\t\t\t<div class=\"has_eae_slider elementor-column elementor-col-33 elementor-top-column elementor-element elementor-element-71caaf8\" data-eae-slider=\"99005\" data-id=\"71caaf8\" data-element_type=\"column\" data-e-type=\"column\" data-settings=\"{&quot;background_background&quot;:&quot;classic&quot;}\">\n\t\t\t<div class=\"elementor-widget-wrap elementor-element-populated\">\n\t\t\t\t\t\t<div class=\"elementor-element elementor-element-379912f elementor-widget elementor-widget-spacer\" data-id=\"379912f\" data-element_type=\"widget\" data-e-type=\"widget\" data-widget_type=\"spacer.default\">\n\t\t\t\t<div class=\"elementor-widget-container\">\n\t\t\t\t\t\t\t<div class=\"elementor-spacer\">\n\t\t\t<div class=\"elementor-spacer-inner\"><\/div>\n\t\t<\/div>\n\t\t\t\t\t\t<\/div>\n\t\t\t\t<\/div>\n\t\t\t\t\t<\/div>\n\t\t<\/div>\n\t\t\t\t\t<\/div>\n\t\t<\/section>\n\t\t\t\t<\/div>","protected":false},"excerpt":{"rendered":"<p>TERMS OF USE No Attorney-Client Relationship Created by Use of this Website. Neither your receipt of information from this website, nor your use of this website to contact the Vincent Ly, PLLC (the &#8220;Firm\u201d) or one of its lawyer(s) creates an attorney-client relationship between you and the Firm. You will become a client of the &hellip;<\/p>\n<p class=\"read-more\"> <a class=\"\" href=\"https:\/\/www.vincentlylaw.com\/vi\/disclaimer\/\"> <span class=\"screen-reader-text\">Tr\u00e1ch Nhi\u1ec7m<\/span> Read More &raquo;<\/a><\/p>","protected":false},"author":1,"featured_media":0,"parent":0,"menu_order":0,"comment_status":"closed","ping_status":"closed","template":"elementor_header_footer","meta":{"site-sidebar-layout":"default","site-content-layout":"default","ast-main-header-display":"","ast-hfb-above-header-display":"","ast-hfb-below-header-display":"","ast-hfb-mobile-header-display":"","site-post-title":"","ast-breadcrumbs-content":"","ast-featured-img":"","footer-sml-layout":"","theme-transparent-header-meta":"default","adv-header-id-meta":"","stick-header-meta":"","header-above-stick-meta":"","header-main-stick-meta":"","header-below-stick-meta":"","footnotes":""},"class_list":["post-148","page","type-page","status-publish","hentry"],"yoast_head":"<!-- This site is optimized with the Yoast SEO plugin v27.5 - https:\/\/yoast.com\/product\/yoast-seo-wordpress\/ -->\n<title>Disclaimer &#8902; Vincent Ly Law Firm<\/title>\n<meta name=\"robots\" content=\"index, follow, max-snippet:-1, max-image-preview:large, max-video-preview:-1\" \/>\n<link rel=\"canonical\" href=\"https:\/\/www.vincentlylaw.com\/vi\/disclaimer\/\" \/>\n<meta property=\"og:locale\" content=\"vi_VN\" \/>\n<meta property=\"og:type\" content=\"article\" \/>\n<meta property=\"og:title\" content=\"Disclaimer &#8902; Vincent Ly Law Firm\" \/>\n<meta property=\"og:description\" content=\"TERMS OF USE No Attorney-Client Relationship Created by Use of this Website. Neither your receipt of information from this website, nor your use of this website to contact the Vincent Ly, PLLC (the &#8220;Firm\u201d) or one of its lawyer(s) creates an attorney-client relationship between you and the Firm. You will become a client of the &hellip; Disclaimer Read More &raquo;\" \/>\n<meta property=\"og:url\" content=\"https:\/\/www.vincentlylaw.com\/vi\/disclaimer\/\" \/>\n<meta property=\"og:site_name\" content=\"Vincent Ly Law Firm\" \/>\n<meta property=\"article:modified_time\" content=\"2024-04-17T18:15:01+00:00\" \/>\n<meta property=\"og:image\" content=\"https:\/\/www.vincentlylaw.com\/wp-content\/uploads\/2022\/01\/VL-logo-official-version-2-2022-2500-x-1200-px.png\" \/>\n\t<meta property=\"og:image:width\" content=\"7500\" \/>\n\t<meta property=\"og:image:height\" content=\"3600\" \/>\n\t<meta property=\"og:image:type\" content=\"image\/png\" \/>\n<meta name=\"twitter:card\" content=\"summary_large_image\" \/>\n<meta name=\"twitter:image\" content=\"https:\/\/www.vincentlylaw.com\/wp-content\/uploads\/2022\/01\/VL-logo-official-version-2-2022-2500-x-1200-px.png\" \/>\n<meta name=\"twitter:label1\" content=\"\u01af\u1edbc t\u00ednh th\u1eddi gian \u0111\u1ecdc\" \/>\n\t<meta name=\"twitter:data1\" content=\"4 ph\u00fat\" \/>\n<script type=\"application\/ld+json\" class=\"yoast-schema-graph\">{\"@context\":\"https:\\\/\\\/schema.org\",\"@graph\":[{\"@type\":\"WebPage\",\"@id\":\"https:\\\/\\\/www.vincentlylaw.com\\\/disclaimer\\\/\",\"url\":\"https:\\\/\\\/www.vincentlylaw.com\\\/disclaimer\\\/\",\"name\":\"Disclaimer &#8902; Vincent Ly Law Firm\",\"isPartOf\":{\"@id\":\"https:\\\/\\\/www.vincentlylaw.com\\\/#website\"},\"datePublished\":\"2019-05-13T18:45:27+00:00\",\"dateModified\":\"2024-04-17T18:15:01+00:00\",\"breadcrumb\":{\"@id\":\"https:\\\/\\\/www.vincentlylaw.com\\\/disclaimer\\\/#breadcrumb\"},\"inLanguage\":\"vi\",\"potentialAction\":[{\"@type\":\"ReadAction\",\"target\":[\"https:\\\/\\\/www.vincentlylaw.com\\\/disclaimer\\\/\"]}]},{\"@type\":\"BreadcrumbList\",\"@id\":\"https:\\\/\\\/www.vincentlylaw.com\\\/disclaimer\\\/#breadcrumb\",\"itemListElement\":[{\"@type\":\"ListItem\",\"position\":1,\"name\":\"Home\",\"item\":\"https:\\\/\\\/www.vincentlylaw.com\\\/\"},{\"@type\":\"ListItem\",\"position\":2,\"name\":\"Disclaimer\"}]},{\"@type\":\"WebSite\",\"@id\":\"https:\\\/\\\/www.vincentlylaw.com\\\/#website\",\"url\":\"https:\\\/\\\/www.vincentlylaw.com\\\/\",\"name\":\"Vincent Ly Law Firm\",\"description\":\"\",\"publisher\":{\"@id\":\"https:\\\/\\\/www.vincentlylaw.com\\\/#organization\"},\"potentialAction\":[{\"@type\":\"SearchAction\",\"target\":{\"@type\":\"EntryPoint\",\"urlTemplate\":\"https:\\\/\\\/www.vincentlylaw.com\\\/?s={search_term_string}\"},\"query-input\":{\"@type\":\"PropertyValueSpecification\",\"valueRequired\":true,\"valueName\":\"search_term_string\"}}],\"inLanguage\":\"vi\"},{\"@type\":\"Organization\",\"@id\":\"https:\\\/\\\/www.vincentlylaw.com\\\/#organization\",\"name\":\"Vincent Ly Law Firm - V\u0103n Ph\u00f2ng Lu\u1eadt S\u01b0 Vincent Ly\",\"url\":\"https:\\\/\\\/www.vincentlylaw.com\\\/\",\"logo\":{\"@type\":\"ImageObject\",\"inLanguage\":\"vi\",\"@id\":\"https:\\\/\\\/www.vincentlylaw.com\\\/#\\\/schema\\\/logo\\\/image\\\/\",\"url\":\"https:\\\/\\\/www.vincentlylaw.com\\\/wp-content\\\/uploads\\\/2019\\\/11\\\/VL-Logo-Official-2022-4416-x-1434-px.png\",\"contentUrl\":\"https:\\\/\\\/www.vincentlylaw.com\\\/wp-content\\\/uploads\\\/2019\\\/11\\\/VL-Logo-Official-2022-4416-x-1434-px.png\",\"width\":13248,\"height\":4302,\"caption\":\"Vincent Ly Law Firm - V\u0103n Ph\u00f2ng Lu\u1eadt S\u01b0 Vincent Ly\"},\"image\":{\"@id\":\"https:\\\/\\\/www.vincentlylaw.com\\\/#\\\/schema\\\/logo\\\/image\\\/\"}}]}<\/script>\n<!-- \/ Yoast SEO plugin. -->","yoast_head_json":{"title":"Disclaimer &#8902; Vincent Ly Law Firm","robots":{"index":"index","follow":"follow","max-snippet":"max-snippet:-1","max-image-preview":"max-image-preview:large","max-video-preview":"max-video-preview:-1"},"canonical":"https:\/\/www.vincentlylaw.com\/vi\/disclaimer\/","og_locale":"vi_VN","og_type":"article","og_title":"Disclaimer &#8902; Vincent Ly Law Firm","og_description":"TERMS OF USE No Attorney-Client Relationship Created by Use of this Website. Neither your receipt of information from this website, nor your use of this website to contact the Vincent Ly, PLLC (the &#8220;Firm\u201d) or one of its lawyer(s) creates an attorney-client relationship between you and the Firm. You will become a client of the &hellip; Disclaimer Read More &raquo;","og_url":"https:\/\/www.vincentlylaw.com\/vi\/disclaimer\/","og_site_name":"Vincent Ly Law Firm","article_modified_time":"2024-04-17T18:15:01+00:00","og_image":[{"width":7500,"height":3600,"url":"https:\/\/www.vincentlylaw.com\/wp-content\/uploads\/2022\/01\/VL-logo-official-version-2-2022-2500-x-1200-px.png","type":"image\/png"}],"twitter_card":"summary_large_image","twitter_image":"https:\/\/www.vincentlylaw.com\/wp-content\/uploads\/2022\/01\/VL-logo-official-version-2-2022-2500-x-1200-px.png","twitter_misc":{"\u01af\u1edbc t\u00ednh th\u1eddi gian \u0111\u1ecdc":"4 ph\u00fat"},"schema":{"@context":"https:\/\/schema.org","@graph":[{"@type":"WebPage","@id":"https:\/\/www.vincentlylaw.com\/disclaimer\/","url":"https:\/\/www.vincentlylaw.com\/disclaimer\/","name":"Disclaimer &#8902; Vincent Ly Law Firm","isPartOf":{"@id":"https:\/\/www.vincentlylaw.com\/#website"},"datePublished":"2019-05-13T18:45:27+00:00","dateModified":"2024-04-17T18:15:01+00:00","breadcrumb":{"@id":"https:\/\/www.vincentlylaw.com\/disclaimer\/#breadcrumb"},"inLanguage":"vi","potentialAction":[{"@type":"ReadAction","target":["https:\/\/www.vincentlylaw.com\/disclaimer\/"]}]},{"@type":"BreadcrumbList","@id":"https:\/\/www.vincentlylaw.com\/disclaimer\/#breadcrumb","itemListElement":[{"@type":"ListItem","position":1,"name":"Home","item":"https:\/\/www.vincentlylaw.com\/"},{"@type":"ListItem","position":2,"name":"Disclaimer"}]},{"@type":"WebSite","@id":"https:\/\/www.vincentlylaw.com\/#website","url":"https:\/\/www.vincentlylaw.com\/","name":"Vincent Ly Law Firm","description":"","publisher":{"@id":"https:\/\/www.vincentlylaw.com\/#organization"},"potentialAction":[{"@type":"SearchAction","target":{"@type":"EntryPoint","urlTemplate":"https:\/\/www.vincentlylaw.com\/?s={search_term_string}"},"query-input":{"@type":"PropertyValueSpecification","valueRequired":true,"valueName":"search_term_string"}}],"inLanguage":"vi"},{"@type":"Organization","@id":"https:\/\/www.vincentlylaw.com\/#organization","name":"Vincent Ly Law Firm - V\u0103n Ph\u00f2ng Lu\u1eadt S\u01b0 Vincent Ly","url":"https:\/\/www.vincentlylaw.com\/","logo":{"@type":"ImageObject","inLanguage":"vi","@id":"https:\/\/www.vincentlylaw.com\/#\/schema\/logo\/image\/","url":"https:\/\/www.vincentlylaw.com\/wp-content\/uploads\/2019\/11\/VL-Logo-Official-2022-4416-x-1434-px.png","contentUrl":"https:\/\/www.vincentlylaw.com\/wp-content\/uploads\/2019\/11\/VL-Logo-Official-2022-4416-x-1434-px.png","width":13248,"height":4302,"caption":"Vincent Ly Law Firm - V\u0103n Ph\u00f2ng Lu\u1eadt S\u01b0 Vincent Ly"},"image":{"@id":"https:\/\/www.vincentlylaw.com\/#\/schema\/logo\/image\/"}}]}},"_links":{"self":[{"href":"https:\/\/www.vincentlylaw.com\/vi\/wp-json\/wp\/v2\/pages\/148","targetHints":{"allow":["GET"]}}],"collection":[{"href":"https:\/\/www.vincentlylaw.com\/vi\/wp-json\/wp\/v2\/pages"}],"about":[{"href":"https:\/\/www.vincentlylaw.com\/vi\/wp-json\/wp\/v2\/types\/page"}],"author":[{"embeddable":true,"href":"https:\/\/www.vincentlylaw.com\/vi\/wp-json\/wp\/v2\/users\/1"}],"replies":[{"embeddable":true,"href":"https:\/\/www.vincentlylaw.com\/vi\/wp-json\/wp\/v2\/comments?post=148"}],"version-history":[{"count":215,"href":"https:\/\/www.vincentlylaw.com\/vi\/wp-json\/wp\/v2\/pages\/148\/revisions"}],"predecessor-version":[{"id":43061,"href":"https:\/\/www.vincentlylaw.com\/vi\/wp-json\/wp\/v2\/pages\/148\/revisions\/43061"}],"wp:attachment":[{"href":"https:\/\/www.vincentlylaw.com\/vi\/wp-json\/wp\/v2\/media?parent=148"}],"curies":[{"name":"wp","href":"https:\/\/api.w.org\/{rel}","templated":true}]}}