{"id":160,"date":"2019-05-13T19:12:44","date_gmt":"2019-05-13T19:12:44","guid":{"rendered":"http:\/\/www.vincentlylaw.com\/?page_id=160"},"modified":"2022-10-09T22:51:59","modified_gmt":"2022-10-09T22:51:59","slug":"privacy-policy","status":"publish","type":"page","link":"https:\/\/www.vincentlylaw.com\/vi\/privacy-policy\/","title":{"rendered":"\u0110i\u1ec1u kho\u1ea3n b\u1ea3o m\u1eadt"},"content":{"rendered":"<div data-elementor-type=\"wp-post\" data-elementor-id=\"160\" class=\"elementor elementor-160\" data-elementor-post-type=\"page\">\n\t\t\t\t\t\t<section class=\"has_eae_slider elementor-section elementor-top-section elementor-element elementor-element-53ab522 elementor-section-full_width elementor-section-height-default elementor-section-height-default\" data-eae-slider=\"19428\" data-id=\"53ab522\" data-element_type=\"section\" data-e-type=\"section\" data-settings=\"{&quot;background_background&quot;:&quot;classic&quot;}\">\n\t\t\t\t\t\t<div class=\"elementor-container elementor-column-gap-default\">\n\t\t\t\t\t<div class=\"has_eae_slider elementor-column elementor-col-100 elementor-top-column elementor-element elementor-element-4f81448\" data-eae-slider=\"6614\" data-id=\"4f81448\" data-element_type=\"column\" data-e-type=\"column\">\n\t\t\t<div class=\"elementor-widget-wrap elementor-element-populated\">\n\t\t\t\t\t\t<div class=\"elementor-element elementor-element-bc60e34 elementor-widget elementor-widget-spacer\" data-id=\"bc60e34\" data-element_type=\"widget\" data-e-type=\"widget\" data-widget_type=\"spacer.default\">\n\t\t\t\t<div class=\"elementor-widget-container\">\n\t\t\t\t\t\t\t<div class=\"elementor-spacer\">\n\t\t\t<div class=\"elementor-spacer-inner\"><\/div>\n\t\t<\/div>\n\t\t\t\t\t\t<\/div>\n\t\t\t\t<\/div>\n\t\t\t\t<div class=\"elementor-element elementor-element-b3bab34 animated-slow elementor-widget elementor-widget-heading\" data-id=\"b3bab34\" data-element_type=\"widget\" data-e-type=\"widget\" data-settings=\"{&quot;_animation&quot;:&quot;none&quot;,&quot;_animation_delay&quot;:500}\" data-widget_type=\"heading.default\">\n\t\t\t\t<div class=\"elementor-widget-container\">\n\t\t\t\t\t<h2 class=\"elementor-heading-title elementor-size-default\">\u0110i\u1ec1u kho\u1ea3n b\u1ea3o m\u1eadt<\/h2>\t\t\t\t<\/div>\n\t\t\t\t<\/div>\n\t\t\t\t<div class=\"elementor-element elementor-element-f960faf elementor-widget elementor-widget-spacer\" data-id=\"f960faf\" data-element_type=\"widget\" data-e-type=\"widget\" data-widget_type=\"spacer.default\">\n\t\t\t\t<div class=\"elementor-widget-container\">\n\t\t\t\t\t\t\t<div class=\"elementor-spacer\">\n\t\t\t<div class=\"elementor-spacer-inner\"><\/div>\n\t\t<\/div>\n\t\t\t\t\t\t<\/div>\n\t\t\t\t<\/div>\n\t\t\t\t\t<\/div>\n\t\t<\/div>\n\t\t\t\t\t<\/div>\n\t\t<\/section>\n\t\t\t\t<section class=\"has_eae_slider elementor-section elementor-top-section elementor-element elementor-element-4008bb7 elementor-section-full_width elementor-section-height-default elementor-section-height-default\" data-eae-slider=\"28718\" data-id=\"4008bb7\" data-element_type=\"section\" data-e-type=\"section\" data-settings=\"{&quot;background_background&quot;:&quot;classic&quot;}\">\n\t\t\t\t\t\t\t<div class=\"elementor-background-overlay\"><\/div>\n\t\t\t\t\t\t\t<div class=\"elementor-container elementor-column-gap-default\">\n\t\t\t\t\t<div class=\"has_eae_slider elementor-column elementor-col-33 elementor-top-column elementor-element elementor-element-c2be980\" data-eae-slider=\"70548\" data-id=\"c2be980\" data-element_type=\"column\" data-e-type=\"column\" data-settings=\"{&quot;background_background&quot;:&quot;classic&quot;}\">\n\t\t\t<div class=\"elementor-widget-wrap\">\n\t\t\t\t\t<div class=\"elementor-background-overlay\"><\/div>\n\t\t\t\t\t\t\t<\/div>\n\t\t<\/div>\n\t\t\t\t<div class=\"has_eae_slider elementor-column elementor-col-33 elementor-top-column elementor-element elementor-element-2c52c5d\" data-eae-slider=\"58736\" data-id=\"2c52c5d\" data-element_type=\"column\" data-e-type=\"column\" data-settings=\"{&quot;background_background&quot;:&quot;classic&quot;}\">\n\t\t\t<div class=\"elementor-widget-wrap elementor-element-populated\">\n\t\t\t\t\t<div class=\"elementor-background-overlay\"><\/div>\n\t\t\t\t\t\t<div class=\"elementor-element elementor-element-f594c89 elementor-widget elementor-widget-spacer\" data-id=\"f594c89\" data-element_type=\"widget\" data-e-type=\"widget\" data-widget_type=\"spacer.default\">\n\t\t\t\t<div class=\"elementor-widget-container\">\n\t\t\t\t\t\t\t<div class=\"elementor-spacer\">\n\t\t\t<div class=\"elementor-spacer-inner\"><\/div>\n\t\t<\/div>\n\t\t\t\t\t\t<\/div>\n\t\t\t\t<\/div>\n\t\t\t\t<div class=\"elementor-element elementor-element-8ecbf33 animated-slow elementor-widget elementor-widget-text-editor\" data-id=\"8ecbf33\" data-element_type=\"widget\" data-e-type=\"widget\" data-settings=\"{&quot;_animation&quot;:&quot;none&quot;,&quot;_animation_delay&quot;:1000}\" data-widget_type=\"text-editor.default\">\n\t\t\t\t<div class=\"elementor-widget-container\">\n\t\t\t\t\t\t\t\t\t<p><span style=\"color: #000000;\"><strong>Tuy\u00ean b\u1ed1 v\u1ec1 quy\u1ec1n ri\u00eang t\u01b0 m\u00f4 t\u1ea3 c\u00e1c lo\u1ea1i th\u00f4ng tin c\u00e1 nh\u00e2n Vincent Ly, PLLC thu th\u1eadp th\u00f4ng qua trang web \u0111\u1eb7t t\u1ea1i Vincentlylaw.com v\u00e0 c\u00e1ch c\u00f4ng ty s\u1eed d\u1ee5ng, chia s\u1ebb v\u00e0 b\u1ea3o v\u1ec7 th\u00f4ng tin \u0111\u00f3.<\/strong><\/span><\/p><p><span style=\"color: #000000;\"><strong>Vincent Ly, PLLC kh\u00f4ng thu\u00ea, b\u00e1n ho\u1eb7c chia s\u1ebb th\u00f4ng tin c\u00e1 nh\u00e2n c\u1ee5 th\u1ec3 v\u1ec1 b\u1ea1n v\u1edbi ng\u01b0\u1eddi kh\u00e1c ho\u1eb7c c\u00e1c c\u00f4ng ty kh\u00f4ng li\u00ean k\u1ebft tr\u1eeb khi c\u00f4ng ty c\u00f3 s\u1ef1 cho ph\u00e9p c\u1ee7a b\u1ea1n ho\u1eb7c trong c\u00e1c tr\u01b0\u1eddng h\u1ee3p sau:<\/strong><\/span><br \/><span style=\"color: #000000;\">\u2013 C\u00f4ng ty s\u1ebd cung c\u1ea5p th\u00f4ng tin \u0111\u1ec3 \u0111\u00e1p \u1ee9ng v\u1edbi tr\u00e1t \u0111\u00f2i h\u1ea7u t\u00f2a, l\u1ec7nh c\u1ee7a t\u00f2a \u00e1n ho\u1eb7c quy tr\u00ecnh ph\u00e1p l\u00fd ho\u1eb7c \u0111\u1ec3 thi\u1ebft l\u1eadp ho\u1eb7c th\u1ef1c hi\u1ec7n c\u00e1c quy\u1ec1n h\u1ee3p ph\u00e1p c\u1ee7a c\u00f4ng ty hay b\u1ea3o v\u1ec7 ch\u1ed1ng l\u1ea1i khi\u1ebfu n\u1ea1i ph\u00e1p l\u00fd.<\/span><br \/><span style=\"color: #000000;\">\u2013 C\u00f4ng ty s\u1ebd cung c\u1ea5p th\u00f4ng tin n\u1ebfu c\u00f4ng ty tin r\u1eb1ng c\u1ea7n ph\u1ea3i chia s\u1ebb th\u00f4ng tin \u0111\u1ec3 \u0111i\u1ec1u tra, tr\u00ecnh b\u00e0y ho\u1eb7c c\u00f3 h\u00e0nh \u0111\u1ed9ng li\u00ean quan \u0111\u1ebfn c\u00e1c ho\u1ea1t \u0111\u1ed9ng b\u1ea5t h\u1ee3p ph\u00e1p, nghi ng\u1edd gian l\u1eadn, c\u00e1c t\u00ecnh hu\u1ed1ng li\u00ean quan \u0111\u1ebfn c\u00e1c m\u1ed1i \u0111e d\u1ecda ti\u1ec1m \u1ea9n \u0111\u1ed1i v\u1edbi an to\u00e0n th\u00e2n th\u1ec3 c\u1ee7a b\u1ea5t k\u1ef3 ng\u01b0\u1eddi n\u00e0o, vi ph\u1ea1m \u0110i\u1ec1u kho\u1ea3n c\u1ee7a c\u00f4ng ty v\u00e0 \u0110i\u1ec1u ki\u1ec7n s\u1eed d\u1ee5ng, ho\u1eb7c theo y\u00eau c\u1ea7u c\u1ee7a ph\u00e1p lu\u1eadt.<\/span><\/p><p><span style=\"color: #000000;\"><strong>B\u1eb1ng c\u00e1ch s\u1eed d\u1ee5ng trang web n\u00e0y, b\u1ea1n \u0111\u1ed3ng \u00fd v\u1edbi \u0110i\u1ec1u kho\u1ea3n v\u00e0 \u0110i\u1ec1u ki\u1ec7n c\u1ee7a h\u00e3ng c\u0169ng nh\u01b0 vi\u1ec7c thu th\u1eadp v\u00e0 s\u1eed d\u1ee5ng th\u00f4ng tin c\u1ee7a b\u1ea1n nh\u01b0 \u0111\u01b0\u1ee3c m\u00f4 t\u1ea3 d\u01b0\u1edbi \u0111\u00e2y. D\u01b0\u1edbi \u0111\u00e2y m\u00f4 t\u1ea3 c\u1ee5 th\u1ec3 Tuy\u00ean b\u1ed1 v\u1ec1 quy\u1ec1n ri\u00eang t\u01b0 c\u1ee7a h\u00e3ng:<\/strong><\/span><br \/><span style=\"color: #000000;\">\u2013 C\u00f4ng ty kh\u00f4ng thu th\u1eadp th\u00f4ng tin c\u00e1 nh\u00e2n th\u00f4ng qua trang web Vincentlylaw.com tr\u1eeb khi b\u1ea1n t\u1ef1 nguy\u1ec7n cung c\u1ea5p th\u00f4ng tin \u0111\u00f3. Th\u00f4ng tin c\u00e1 nh\u00e2n nh\u01b0 t\u00ean, \u0111\u1ecba ch\u1ec9, s\u1ed1 \u0111i\u1ec7n tho\u1ea1i v\u00e0 \u0111\u1ecba ch\u1ec9 email c\u00f3 th\u1ec3 \u0111\u01b0\u1ee3c thu th\u1eadp th\u00f4ng qua trang web Vincentlylaw.com t\u1eeb nh\u1eefng kh\u00e1ch truy c\u1eadp g\u1eedi li\u00ean h\u1ec7 ho\u1eb7c bi\u1ec3u m\u1eabu y\u00eau c\u1ea7u, \u0111\u0103ng k\u00fd s\u1ef1 ki\u1ec7n, \u0111\u0103ng k\u00fd nh\u1eadn b\u1ea3n tin c\u1ee7a c\u00f4ng ty ho\u1eb7c y\u00eau c\u1ea7u c\u00f4ng ty cung c\u1ea5p li\u00ean k\u1ebft \u0111\u1ebfn Trang web cho b\u00ean th\u1ee9 ba. C\u00f4ng ty s\u1eed d\u1ee5ng th\u00f4ng tin c\u00e1 nh\u00e2n \u0111\u1ec3 tr\u1ea3 l\u1eddi c\u00e1c c\u00e2u h\u1ecfi c\u1ee7a b\u1ea1n, \u0111\u0103ng k\u00fd cho b\u1ea1n c\u00e1c s\u1ef1 ki\u1ec7n ho\u1eb7c cho b\u1ea5t k\u1ef3 m\u1ee5c \u0111\u00edch n\u00e0o kh\u00e1c m\u00e0 b\u1ea1n cung c\u1ea5p th\u00f4ng tin \u0111\u00f3.<\/span><br \/><span style=\"color: #000000;\">\u2013 M\u00e1y ch\u1ee7 web c\u1ee7a h\u00e3ng c\u1ee9ng t\u1ef1 \u0111\u1ed9ng nh\u1eadn d\u1ea1ng v\u00e0 ghi l\u1ea1i th\u00f4ng tin nh\u1ea5t \u0111\u1ecbnh v\u1ec1 kh\u00e1ch truy c\u1eadp v\u00e0o trang web Vincentlylaw.com. \u0110i\u1ec1u n\u00e0y bao g\u1ed3m ng\u00e0y v\u00e0 th\u1eddi gian truy c\u1eadp, \u0111\u1ecba ch\u1ec9 IP, lo\u1ea1i v\u00e0 phi\u00ean b\u1ea3n tr\u00ecnh duy\u1ec7t web v\u00e0 \u0111\u1ecba ch\u1ec9 c\u1ee7a trang web m\u00e0 b\u1ea1n \u0111\u00e3 truy c\u1eadp trang web Vincentlylaw.com. M\u00e1y ch\u1ee7 web kh\u00f4ng ghi l\u1ea1i \u0111\u1ecba ch\u1ec9 email. C\u00f4ng ty ch\u1ec9 s\u1eed d\u1ee5ng th\u00f4ng tin n\u00e0y \u0111\u1ec3 t\u1ed1i \u01b0u h\u00f3a v\u00e0 c\u1ea3i thi\u1ec7n n\u1ed9i dung c\u1ee7a trang web Vincentlylaw.com.<\/span><br \/><span style=\"color: #000000;\">\u2013 C\u00f4ng ty s\u1eed d\u1ee5ng cookie t\u1ea1m th\u1eddi, theo phi\u00ean c\u1ee5 th\u1ec3 \u0111\u1ec3 theo d\u00f5i l\u01b0u l\u01b0\u1ee3ng truy c\u1eadp trang web Vincentlylaw.com. Cookie kh\u00f4ng ti\u1ebft l\u1ed9 ho\u1eb7c ch\u1ee9a b\u1ea5t k\u1ef3 d\u1eef li\u1ec7u nh\u1eadn d\u1ea1ng ho\u1eb7c c\u00e1 nh\u00e2n n\u00e0o, kh\u00f4ng th\u1ec3 \u0111\u1ecdc b\u1ea5t k\u1ef3 th\u00f4ng tin n\u00e0o tr\u00ean m\u00e1y t\u00ednh c\u1ee7a b\u1ea1n v\u00e0 kh\u00f4ng th\u1ec3 t\u01b0\u01a1ng t\u00e1c v\u1edbi c\u00e1c cookie kh\u00e1c tr\u00ean \u1ed5 c\u1ee9ng c\u1ee7a b\u1ea1n. Cookies n\u1eb1m tr\u00ean \u1ed5 c\u1ee9ng c\u1ee7a ng\u01b0\u1eddi d\u00f9ng \u0111\u1ec3 x\u00e1c \u0111\u1ecbnh l\u01b0\u1ee3t truy c\u1eadp trang web v\u00e0 li\u1ec7u ng\u01b0\u1eddi d\u00f9ng c\u00f3 ph\u1ea3i l\u00e0 kh\u00e1ch truy c\u1eadp quay l\u1ea1i hay kh\u00f4ng.<\/span><br \/><span style=\"color: #000000;\">\u2013 C\u00f4ng ty th\u1ef1c hi\u1ec7n c\u00e1c bi\u1ec7n ph\u00e1p b\u1ea3o m\u1eadt h\u1ee3p l\u00fd \u0111\u1ec3 b\u1ea3o v\u1ec7 th\u00f4ng tin \u0111\u01b0\u1ee3c thu th\u1eadp th\u00f4ng qua trang web Vincentlylaw.com. M\u1eb7c d\u00f9 c\u00f4ng ty \u01b0u ti\u00ean b\u1ea3o m\u1eadt th\u00f4ng tin nh\u1eadn d\u1ea1ng c\u00e1 nh\u00e2n, c\u00f4ng ty kh\u00f4ng th\u1ec3 \u0111\u1ea3m b\u1ea3o t\u00ednh b\u1ea3o m\u1eadt c\u1ee7a b\u1ea5t k\u1ef3 th\u00f4ng tin n\u00e0o b\u1ea1n truy\u1ec1n \u0111\u1ebfn c\u00f4ng ty th\u00f4ng qua trang web Vincentlylaw.com.<\/span><br \/><span style=\"color: #000000;\">\u2013 Trang web Vincentlylaw.com c\u00f3 \u200b\u200bth\u1ec3 ch\u1ee9a c\u00e1c li\u00ean k\u1ebft \u0111\u1ebfn c\u00e1c trang web b\u00ean ngo\u00e0i \u0111\u1ec3 thu\u1eadn ti\u1ec7n cho b\u1ea1n. Ch\u00fang t\u00f4i kh\u00f4ng x\u00e1c nh\u1eadn c\u00e1c trang web n\u00e0y v\u00e0 kh\u00f4ng ch\u1ecbu tr\u00e1ch nhi\u1ec7m v\u1ec1 n\u1ed9i dung, t\u00ednh ch\u00ednh x\u00e1c ho\u1eb7c th\u1ef1c h\u00e0nh quy\u1ec1n ri\u00eang t\u01b0 c\u1ee7a c\u00e1c trang web \u0111\u00f3.<\/span><\/p><p><span style=\"color: #000000;\"><strong>C\u00f4ng ty c\u00f3 th\u1ec3 thay \u0111\u1ed5i Tuy\u00ean b\u1ed1 quy\u1ec1n ri\u00eang t\u01b0 n\u00e0y b\u1ea5t c\u1ee9 l\u00fac n\u00e0o m\u00e0 kh\u00f4ng c\u1ea7n th\u00f4ng b\u00e1o tr\u01b0\u1edbc cho b\u1ea1n. C\u00f4ng ty c\u00f3 th\u1ec3 \u0111\u0103ng th\u00f4ng b\u00e1o tr\u00ean trang ch\u1ee7 c\u1ee7a trang web Vincentlylaw.com \u0111\u1ec3 th\u00f4ng b\u00e1o cho b\u1ea1n v\u1ec1 b\u1ea5t k\u1ef3 thay \u0111\u1ed5i quan tr\u1ecdng n\u00e0o \u0111\u1ed1i v\u1edbi Tuy\u00ean b\u1ed1 quy\u1ec1n ri\u00eang t\u01b0 n\u00e0y.<\/strong><\/span><\/p><p><span style=\"color: #000000;\"><strong>\u0110\u1ec3 bi\u1ebft th\u00f4ng tin v\u1ec1 c\u00e1ch li\u00ean h\u1ec7 v\u1edbi Vincent Ly, PLLC, vui l\u00f2ng truy c\u1eadp <a style=\"color: #000000;\" href=\"https:\/\/www.vincentlylaw.com\/vi\/contact\/\"><span style=\"text-decoration: underline;\">contact page<\/span><\/a>.<\/strong><\/span><\/p>\t\t\t\t\t\t\t\t<\/div>\n\t\t\t\t<\/div>\n\t\t\t\t\t<\/div>\n\t\t<\/div>\n\t\t\t\t<div class=\"has_eae_slider elementor-column elementor-col-33 elementor-top-column elementor-element elementor-element-57baca4\" data-eae-slider=\"98444\" data-id=\"57baca4\" data-element_type=\"column\" data-e-type=\"column\" data-settings=\"{&quot;background_background&quot;:&quot;classic&quot;}\">\n\t\t\t<div class=\"elementor-widget-wrap elementor-element-populated\">\n\t\t\t\t\t\t<div class=\"elementor-element elementor-element-48c9327 elementor-widget elementor-widget-spacer\" data-id=\"48c9327\" data-element_type=\"widget\" data-e-type=\"widget\" data-widget_type=\"spacer.default\">\n\t\t\t\t<div class=\"elementor-widget-container\">\n\t\t\t\t\t\t\t<div class=\"elementor-spacer\">\n\t\t\t<div class=\"elementor-spacer-inner\"><\/div>\n\t\t<\/div>\n\t\t\t\t\t\t<\/div>\n\t\t\t\t<\/div>\n\t\t\t\t\t<\/div>\n\t\t<\/div>\n\t\t\t\t\t<\/div>\n\t\t<\/section>\n\t\t\t\t<\/div>","protected":false},"excerpt":{"rendered":"<p>PRIVACY STATEMENT Privacy Statement describes the types of personal information Vincent Ly, PLLC collects through the website located at Vincentlylaw.com and how the firm uses, shares and protects that information. Vincent Ly, PLLC does not rent, sell or share personal information that is specifically about you with other people or nonaffiliated companies except when the &hellip;<\/p>\n<p class=\"read-more\"> <a class=\"\" href=\"https:\/\/www.vincentlylaw.com\/vi\/privacy-policy\/\"> <span class=\"screen-reader-text\">\u0110i\u1ec1u kho\u1ea3n b\u1ea3o m\u1eadt<\/span> Read More &raquo;<\/a><\/p>","protected":false},"author":1,"featured_media":0,"parent":0,"menu_order":0,"comment_status":"closed","ping_status":"closed","template":"elementor_header_footer","meta":{"site-sidebar-layout":"default","site-content-layout":"default","ast-main-header-display":"","ast-hfb-above-header-display":"","ast-hfb-below-header-display":"","ast-hfb-mobile-header-display":"","site-post-title":"","ast-breadcrumbs-content":"","ast-featured-img":"","footer-sml-layout":"","theme-transparent-header-meta":"default","adv-header-id-meta":"","stick-header-meta":"","header-above-stick-meta":"","header-main-stick-meta":"","header-below-stick-meta":"","footnotes":""},"class_list":["post-160","page","type-page","status-publish","hentry"],"yoast_head":"<!-- This site is optimized with the Yoast SEO plugin v27.5 - https:\/\/yoast.com\/product\/yoast-seo-wordpress\/ -->\n<title>Privacy Policy &#8902; Vincent Ly Law Firm<\/title>\n<meta name=\"robots\" content=\"index, follow, max-snippet:-1, max-image-preview:large, max-video-preview:-1\" \/>\n<link rel=\"canonical\" href=\"https:\/\/www.vincentlylaw.com\/vi\/privacy-policy\/\" \/>\n<meta property=\"og:locale\" content=\"vi_VN\" \/>\n<meta property=\"og:type\" content=\"article\" \/>\n<meta property=\"og:title\" content=\"Privacy Policy &#8902; Vincent Ly Law Firm\" \/>\n<meta property=\"og:description\" content=\"PRIVACY STATEMENT Privacy Statement describes the types of personal information Vincent Ly, PLLC collects through the website located at Vincentlylaw.com and how the firm uses, shares and protects that information. Vincent Ly, PLLC does not rent, sell or share personal information that is specifically about you with other people or nonaffiliated companies except when the &hellip; Privacy Policy Read More &raquo;\" \/>\n<meta property=\"og:url\" content=\"https:\/\/www.vincentlylaw.com\/vi\/privacy-policy\/\" \/>\n<meta property=\"og:site_name\" content=\"Vincent Ly Law Firm\" \/>\n<meta property=\"article:modified_time\" content=\"2022-10-09T22:51:59+00:00\" \/>\n<meta property=\"og:image\" content=\"https:\/\/www.vincentlylaw.com\/wp-content\/uploads\/2022\/01\/VL-logo-official-version-2-2022-2500-x-1200-px.png\" \/>\n\t<meta property=\"og:image:width\" content=\"7500\" \/>\n\t<meta property=\"og:image:height\" content=\"3600\" \/>\n\t<meta property=\"og:image:type\" content=\"image\/png\" \/>\n<meta name=\"twitter:card\" content=\"summary_large_image\" \/>\n<meta name=\"twitter:image\" content=\"https:\/\/www.vincentlylaw.com\/wp-content\/uploads\/2022\/01\/VL-logo-official-version-2-2022-2500-x-1200-px.png\" \/>\n<meta name=\"twitter:label1\" content=\"\u01af\u1edbc t\u00ednh th\u1eddi gian \u0111\u1ecdc\" \/>\n\t<meta name=\"twitter:data1\" content=\"3 ph\u00fat\" \/>\n<script type=\"application\/ld+json\" class=\"yoast-schema-graph\">{\"@context\":\"https:\\\/\\\/schema.org\",\"@graph\":[{\"@type\":\"WebPage\",\"@id\":\"https:\\\/\\\/www.vincentlylaw.com\\\/privacy-policy\\\/\",\"url\":\"https:\\\/\\\/www.vincentlylaw.com\\\/privacy-policy\\\/\",\"name\":\"Privacy Policy &#8902; Vincent Ly Law Firm\",\"isPartOf\":{\"@id\":\"https:\\\/\\\/www.vincentlylaw.com\\\/#website\"},\"datePublished\":\"2019-05-13T19:12:44+00:00\",\"dateModified\":\"2022-10-09T22:51:59+00:00\",\"breadcrumb\":{\"@id\":\"https:\\\/\\\/www.vincentlylaw.com\\\/privacy-policy\\\/#breadcrumb\"},\"inLanguage\":\"vi\",\"potentialAction\":[{\"@type\":\"ReadAction\",\"target\":[\"https:\\\/\\\/www.vincentlylaw.com\\\/privacy-policy\\\/\"]}]},{\"@type\":\"BreadcrumbList\",\"@id\":\"https:\\\/\\\/www.vincentlylaw.com\\\/privacy-policy\\\/#breadcrumb\",\"itemListElement\":[{\"@type\":\"ListItem\",\"position\":1,\"name\":\"Home\",\"item\":\"https:\\\/\\\/www.vincentlylaw.com\\\/\"},{\"@type\":\"ListItem\",\"position\":2,\"name\":\"Privacy Policy\"}]},{\"@type\":\"WebSite\",\"@id\":\"https:\\\/\\\/www.vincentlylaw.com\\\/#website\",\"url\":\"https:\\\/\\\/www.vincentlylaw.com\\\/\",\"name\":\"Vincent Ly Law Firm\",\"description\":\"\",\"publisher\":{\"@id\":\"https:\\\/\\\/www.vincentlylaw.com\\\/#organization\"},\"potentialAction\":[{\"@type\":\"SearchAction\",\"target\":{\"@type\":\"EntryPoint\",\"urlTemplate\":\"https:\\\/\\\/www.vincentlylaw.com\\\/?s={search_term_string}\"},\"query-input\":{\"@type\":\"PropertyValueSpecification\",\"valueRequired\":true,\"valueName\":\"search_term_string\"}}],\"inLanguage\":\"vi\"},{\"@type\":\"Organization\",\"@id\":\"https:\\\/\\\/www.vincentlylaw.com\\\/#organization\",\"name\":\"Vincent Ly Law Firm - V\u0103n Ph\u00f2ng Lu\u1eadt S\u01b0 Vincent Ly\",\"url\":\"https:\\\/\\\/www.vincentlylaw.com\\\/\",\"logo\":{\"@type\":\"ImageObject\",\"inLanguage\":\"vi\",\"@id\":\"https:\\\/\\\/www.vincentlylaw.com\\\/#\\\/schema\\\/logo\\\/image\\\/\",\"url\":\"https:\\\/\\\/www.vincentlylaw.com\\\/wp-content\\\/uploads\\\/2019\\\/11\\\/VL-Logo-Official-2022-4416-x-1434-px.png\",\"contentUrl\":\"https:\\\/\\\/www.vincentlylaw.com\\\/wp-content\\\/uploads\\\/2019\\\/11\\\/VL-Logo-Official-2022-4416-x-1434-px.png\",\"width\":13248,\"height\":4302,\"caption\":\"Vincent Ly Law Firm - V\u0103n Ph\u00f2ng Lu\u1eadt S\u01b0 Vincent Ly\"},\"image\":{\"@id\":\"https:\\\/\\\/www.vincentlylaw.com\\\/#\\\/schema\\\/logo\\\/image\\\/\"}}]}<\/script>\n<!-- \/ Yoast SEO plugin. -->","yoast_head_json":{"title":"Privacy Policy &#8902; Vincent Ly Law Firm","robots":{"index":"index","follow":"follow","max-snippet":"max-snippet:-1","max-image-preview":"max-image-preview:large","max-video-preview":"max-video-preview:-1"},"canonical":"https:\/\/www.vincentlylaw.com\/vi\/privacy-policy\/","og_locale":"vi_VN","og_type":"article","og_title":"Privacy Policy &#8902; Vincent Ly Law Firm","og_description":"PRIVACY STATEMENT Privacy Statement describes the types of personal information Vincent Ly, PLLC collects through the website located at Vincentlylaw.com and how the firm uses, shares and protects that information. Vincent Ly, PLLC does not rent, sell or share personal information that is specifically about you with other people or nonaffiliated companies except when the &hellip; Privacy Policy Read More &raquo;","og_url":"https:\/\/www.vincentlylaw.com\/vi\/privacy-policy\/","og_site_name":"Vincent Ly Law Firm","article_modified_time":"2022-10-09T22:51:59+00:00","og_image":[{"width":7500,"height":3600,"url":"https:\/\/www.vincentlylaw.com\/wp-content\/uploads\/2022\/01\/VL-logo-official-version-2-2022-2500-x-1200-px.png","type":"image\/png"}],"twitter_card":"summary_large_image","twitter_image":"https:\/\/www.vincentlylaw.com\/wp-content\/uploads\/2022\/01\/VL-logo-official-version-2-2022-2500-x-1200-px.png","twitter_misc":{"\u01af\u1edbc t\u00ednh th\u1eddi gian \u0111\u1ecdc":"3 ph\u00fat"},"schema":{"@context":"https:\/\/schema.org","@graph":[{"@type":"WebPage","@id":"https:\/\/www.vincentlylaw.com\/privacy-policy\/","url":"https:\/\/www.vincentlylaw.com\/privacy-policy\/","name":"Privacy Policy &#8902; Vincent Ly Law Firm","isPartOf":{"@id":"https:\/\/www.vincentlylaw.com\/#website"},"datePublished":"2019-05-13T19:12:44+00:00","dateModified":"2022-10-09T22:51:59+00:00","breadcrumb":{"@id":"https:\/\/www.vincentlylaw.com\/privacy-policy\/#breadcrumb"},"inLanguage":"vi","potentialAction":[{"@type":"ReadAction","target":["https:\/\/www.vincentlylaw.com\/privacy-policy\/"]}]},{"@type":"BreadcrumbList","@id":"https:\/\/www.vincentlylaw.com\/privacy-policy\/#breadcrumb","itemListElement":[{"@type":"ListItem","position":1,"name":"Home","item":"https:\/\/www.vincentlylaw.com\/"},{"@type":"ListItem","position":2,"name":"Privacy Policy"}]},{"@type":"WebSite","@id":"https:\/\/www.vincentlylaw.com\/#website","url":"https:\/\/www.vincentlylaw.com\/","name":"Vincent Ly Law Firm","description":"","publisher":{"@id":"https:\/\/www.vincentlylaw.com\/#organization"},"potentialAction":[{"@type":"SearchAction","target":{"@type":"EntryPoint","urlTemplate":"https:\/\/www.vincentlylaw.com\/?s={search_term_string}"},"query-input":{"@type":"PropertyValueSpecification","valueRequired":true,"valueName":"search_term_string"}}],"inLanguage":"vi"},{"@type":"Organization","@id":"https:\/\/www.vincentlylaw.com\/#organization","name":"Vincent Ly Law Firm - V\u0103n Ph\u00f2ng Lu\u1eadt S\u01b0 Vincent Ly","url":"https:\/\/www.vincentlylaw.com\/","logo":{"@type":"ImageObject","inLanguage":"vi","@id":"https:\/\/www.vincentlylaw.com\/#\/schema\/logo\/image\/","url":"https:\/\/www.vincentlylaw.com\/wp-content\/uploads\/2019\/11\/VL-Logo-Official-2022-4416-x-1434-px.png","contentUrl":"https:\/\/www.vincentlylaw.com\/wp-content\/uploads\/2019\/11\/VL-Logo-Official-2022-4416-x-1434-px.png","width":13248,"height":4302,"caption":"Vincent Ly Law Firm - V\u0103n Ph\u00f2ng Lu\u1eadt S\u01b0 Vincent Ly"},"image":{"@id":"https:\/\/www.vincentlylaw.com\/#\/schema\/logo\/image\/"}}]}},"_links":{"self":[{"href":"https:\/\/www.vincentlylaw.com\/vi\/wp-json\/wp\/v2\/pages\/160","targetHints":{"allow":["GET"]}}],"collection":[{"href":"https:\/\/www.vincentlylaw.com\/vi\/wp-json\/wp\/v2\/pages"}],"about":[{"href":"https:\/\/www.vincentlylaw.com\/vi\/wp-json\/wp\/v2\/types\/page"}],"author":[{"embeddable":true,"href":"https:\/\/www.vincentlylaw.com\/vi\/wp-json\/wp\/v2\/users\/1"}],"replies":[{"embeddable":true,"href":"https:\/\/www.vincentlylaw.com\/vi\/wp-json\/wp\/v2\/comments?post=160"}],"version-history":[{"count":259,"href":"https:\/\/www.vincentlylaw.com\/vi\/wp-json\/wp\/v2\/pages\/160\/revisions"}],"predecessor-version":[{"id":42785,"href":"https:\/\/www.vincentlylaw.com\/vi\/wp-json\/wp\/v2\/pages\/160\/revisions\/42785"}],"wp:attachment":[{"href":"https:\/\/www.vincentlylaw.com\/vi\/wp-json\/wp\/v2\/media?parent=160"}],"curies":[{"name":"wp","href":"https:\/\/api.w.org\/{rel}","templated":true}]}}